{"id":81,"date":"2022-06-14T17:20:03","date_gmt":"2022-06-14T15:20:03","guid":{"rendered":"https:\/\/mpobielsk.pl\/bip\/?page_id=81"},"modified":"2024-10-20T19:09:10","modified_gmt":"2024-10-20T17:09:10","slug":"inspektor-ochrony-danych","status":"publish","type":"page","link":"https:\/\/mpobielsk.pl\/bip\/inspektor-ochrony-danych\/","title":{"rendered":"Inspektor Ochrony Danych"},"content":{"rendered":"<p><strong>POWIADOMIENIE O\u00a0DANYCH KONTAKTOWYCH INSPEKTORA OCHRONY DANYCH (IOD)<\/strong><\/p>\n<p>RODO przewiduje obowi\u0105zek publikowania danych kontaktowych inspektora ochrony danych. Osoby, kt\u00f3rych dane dotycz\u0105, zgodnie z\u00a0art. 38 ust. 4 RODO, maj\u0105 mo\u017cliwo\u015b\u0107 skontaktowania si\u0119 z\u00a0Inspektorem Ochrony Danych (IOD) we wszystkich sprawach zwi\u0105zanych z\u00a0przetwarzaniem ich danych osobowych oraz z\u00a0wykonywaniem praw przys\u0142uguj\u0105cych im na mocy niniejszego rozporz\u0105dzenia.<\/p>\n<p><strong>W zwi\u0105zku z\u00a0 powy\u017cszym, na stronie internetowej publikujemy dane kontaktowe inspektora ochrony danych, umo\u017cliwiaj\u0105ce kontakt z\u00a0nim zainteresowanym. <\/strong><\/p>\n<p><strong>Inspektor Ochrony Danych<\/strong>: <strong>Rafa\u0142 Andrzejewski<\/strong><\/p>\n<p>Dane do kontaktu : \u00a0<a href=\"mailto:iod.r.andrzejewski@szkoleniaprawnicze.com.pl\">iod.r.andrzejewski@szkoleniaprawnicze.com.pl<\/a>, \u00a0nr tel:504976690<\/p>\n<p>&nbsp;<\/p>\n","protected":false},"excerpt":{"rendered":"<p>POWIADOMIENIE O\u00a0DANYCH KONTAKTOWYCH INSPEKTORA OCHRONY DANYCH (IOD) RODO przewiduje obowi\u0105zek publikowania danych kontaktowych inspektora ochrony danych. Osoby, kt\u00f3rych dane dotycz\u0105, zgodnie z\u00a0art. 38 ust. 4 RODO, maj\u0105 mo\u017cliwo\u015b\u0107 skontaktowania si\u0119 z\u00a0Inspektorem Ochrony Danych (IOD) we wszystkich sprawach zwi\u0105zanych z\u00a0przetwarzaniem ich danych osobowych oraz z\u00a0wykonywaniem praw przys\u0142uguj\u0105cych im na mocy niniejszego rozporz\u0105dzenia. W zwi\u0105zku z\u00a0 powy\u017cszym, &hellip; <a href=\"https:\/\/mpobielsk.pl\/bip\/inspektor-ochrony-danych\/\" class=\"more-link\">Czytaj dalej <span class=\"screen-reader-text\">Inspektor Ochrony Danych<\/span><\/a><\/p>\n","protected":false},"author":1,"featured_media":0,"parent":0,"menu_order":0,"comment_status":"closed","ping_status":"closed","template":"","meta":{"footnotes":""},"class_list":["post-81","page","type-page","status-publish","hentry"],"_links":{"self":[{"href":"https:\/\/mpobielsk.pl\/bip\/wp-json\/wp\/v2\/pages\/81","targetHints":{"allow":["GET"]}}],"collection":[{"href":"https:\/\/mpobielsk.pl\/bip\/wp-json\/wp\/v2\/pages"}],"about":[{"href":"https:\/\/mpobielsk.pl\/bip\/wp-json\/wp\/v2\/types\/page"}],"author":[{"embeddable":true,"href":"https:\/\/mpobielsk.pl\/bip\/wp-json\/wp\/v2\/users\/1"}],"replies":[{"embeddable":true,"href":"https:\/\/mpobielsk.pl\/bip\/wp-json\/wp\/v2\/comments?post=81"}],"version-history":[{"count":3,"href":"https:\/\/mpobielsk.pl\/bip\/wp-json\/wp\/v2\/pages\/81\/revisions"}],"predecessor-version":[{"id":215,"href":"https:\/\/mpobielsk.pl\/bip\/wp-json\/wp\/v2\/pages\/81\/revisions\/215"}],"wp:attachment":[{"href":"https:\/\/mpobielsk.pl\/bip\/wp-json\/wp\/v2\/media?parent=81"}],"curies":[{"name":"wp","href":"https:\/\/api.w.org\/{rel}","templated":true}]}}