{"id":66,"date":"2021-03-12T13:20:03","date_gmt":"2021-03-12T12:20:03","guid":{"rendered":"https:\/\/mpobielsk.pl\/bip\/?page_id=66"},"modified":"2021-03-12T13:20:03","modified_gmt":"2021-03-12T12:20:03","slug":"przetargi-archiwalne","status":"publish","type":"page","link":"https:\/\/mpobielsk.pl\/bip\/zamowienia-publiczne\/przetargi-archiwalne\/","title":{"rendered":"Przetargi archiwalne"},"content":{"rendered":"<p><a href=\"https:\/\/mpobielsk.pl\/bip\/2021\/01\/11\/zagospodarowanie-odpadow-komunalnych-odebranych-od-wlascicieli-zamieszkalych-nieruchomosci-na-terenie-miasta-bielsk-podlaski-2\/\">Zagospodarowanie odpad\u00f3w komunalnych odebranych od w\u0142a\u015bcicieli zamieszka\u0142ych nieruchomo\u015bci na terenie miasta Bielsk Podlaski<\/a><\/p>\n<p><a href=\"https:\/\/mpobielsk.pl\/bip\/2020\/12\/09\/dostawa-i-sfinansowanie-w-formie-leasingu-operacyjnego-zakupu-samochodu-do-wywozu-odpadow\/\">Dostawa i sfinansowanie w formie leasingu operacyjnego zakupu samochodu do wywozu odpad\u00f3w.<\/a><\/p>\n<p><a href=\"https:\/\/mpobielsk.pl\/bip\/2020\/11\/19\/sukcesywne-dostawy-oleju-napedowego-do-pojazdow-miejskiego-przedsiebiorstwa-oczyszczania-sp-z-o-o-w-2021-r\/\">Sukcesywne dostawy oleju nap\u0119dowego do pojazd\u00f3w Miejskiego Przedsi\u0119biorstwa Oczyszczania Sp. z o.o. w 2021 r.<\/a><\/p>\n<p class=\"brz-lh-lg-1_7 brz-lh-sm-im-undefined brz-lh-xs-im-1_6 brz-ls-lg-0 brz-ls-sm-im-undefined brz-ls-xs-im-0 brz-ff-roboto brz-ft-google brz-fw-lg-300 brz-fw-sm-im-undefined brz-fw-xs-im-300 brz-fs-lg-24 brz-fs-sm-im-25 brz-fs-xs-im-23 brz-text-lg-center\"><a href=\"https:\/\/mpobielsk.pl\/bip\/2020\/11\/02\/zagospodarowanie-odpadow-komunalnych-odebranych-od-wlascicieli-zamieszkalych-nieruchomosci-na-terenie-miasta-bielsk-podlaski\">Zagospodarowanie odpad\u00f3w komunalnych odebranych od w\u0142a\u015bcicieli zamieszka\u0142ych nieruchomo\u015bci na terenie miasta Bielsk Podlaski.<\/a><\/p>\n<p>&nbsp;<\/p>\n","protected":false},"excerpt":{"rendered":"<p>Zagospodarowanie odpad\u00f3w komunalnych odebranych od w\u0142a\u015bcicieli zamieszka\u0142ych nieruchomo\u015bci na terenie miasta Bielsk Podlaski Dostawa i sfinansowanie w formie leasingu operacyjnego zakupu samochodu do wywozu odpad\u00f3w. Sukcesywne dostawy oleju nap\u0119dowego do pojazd\u00f3w Miejskiego Przedsi\u0119biorstwa Oczyszczania Sp. z o.o. w 2021 r. Zagospodarowanie odpad\u00f3w komunalnych odebranych od w\u0142a\u015bcicieli zamieszka\u0142ych nieruchomo\u015bci na terenie miasta Bielsk Podlaski. &nbsp;<\/p>\n","protected":false},"author":1,"featured_media":0,"parent":18,"menu_order":0,"comment_status":"closed","ping_status":"closed","template":"","meta":{"footnotes":""},"class_list":["post-66","page","type-page","status-publish","hentry"],"_links":{"self":[{"href":"https:\/\/mpobielsk.pl\/bip\/wp-json\/wp\/v2\/pages\/66","targetHints":{"allow":["GET"]}}],"collection":[{"href":"https:\/\/mpobielsk.pl\/bip\/wp-json\/wp\/v2\/pages"}],"about":[{"href":"https:\/\/mpobielsk.pl\/bip\/wp-json\/wp\/v2\/types\/page"}],"author":[{"embeddable":true,"href":"https:\/\/mpobielsk.pl\/bip\/wp-json\/wp\/v2\/users\/1"}],"replies":[{"embeddable":true,"href":"https:\/\/mpobielsk.pl\/bip\/wp-json\/wp\/v2\/comments?post=66"}],"version-history":[{"count":2,"href":"https:\/\/mpobielsk.pl\/bip\/wp-json\/wp\/v2\/pages\/66\/revisions"}],"predecessor-version":[{"id":282,"href":"https:\/\/mpobielsk.pl\/bip\/wp-json\/wp\/v2\/pages\/66\/revisions\/282"}],"up":[{"embeddable":true,"href":"https:\/\/mpobielsk.pl\/bip\/wp-json\/wp\/v2\/pages\/18"}],"wp:attachment":[{"href":"https:\/\/mpobielsk.pl\/bip\/wp-json\/wp\/v2\/media?parent=66"}],"curies":[{"name":"wp","href":"https:\/\/api.w.org\/{rel}","templated":true}]}}