{"id":245,"date":"2024-10-20T19:04:33","date_gmt":"2024-10-20T17:04:33","guid":{"rendered":"https:\/\/mpobielsk.pl\/bip\/?page_id=245"},"modified":"2024-10-20T19:05:50","modified_gmt":"2024-10-20T17:05:50","slug":"bip-mpo-bielsk-podlaski","status":"publish","type":"page","link":"https:\/\/mpobielsk.pl\/bip\/","title":{"rendered":"BIP MPO Bielsk Podlaski"},"content":{"rendered":"\n<p>Witaj na stronie Biuletynu Informacji Publicznej Miejskiego Przedsi\u0119biorstwa Oczyszczania sp. z o.o. w Bielsku Podlaskim.<\/p>\n\n\n\n<p><\/p>\n\n\n\n<h3 class=\"wp-block-heading\">Miejskie Przedsi\u0119biorstwo Oczyszczania Sp\u00f3\u0142ka z o.o.<\/h3>\n\n\n\n<p>ul. Studziwodzka 37<\/p>\n\n\n\n<p>17-100 Bielsk Podlaski<\/p>\n\n\n\n<p>tel.: +48 731 007 401<\/p>\n\n\n\n<p><a href=\"mailto:mpo@mpobielsk.pl\" target=\"_blank\" rel=\"noreferrer noopener\">mpo@mpobielsk.pl<\/a><\/p>\n\n\n\n<p>NIP: 543 218 79 76<\/p>\n\n\n\n<p><\/p>\n","protected":false},"excerpt":{"rendered":"<p>Witaj na stronie Biuletynu Informacji Publicznej Miejskiego Przedsi\u0119biorstwa Oczyszczania sp. z o.o. w Bielsku Podlaskim. Miejskie Przedsi\u0119biorstwo Oczyszczania Sp\u00f3\u0142ka z o.o. ul. Studziwodzka 37 17-100 Bielsk Podlaski tel.: +48 731 007 401 mpo@mpobielsk.pl NIP: 543 218 79 76<\/p>\n","protected":false},"author":1,"featured_media":0,"parent":0,"menu_order":0,"comment_status":"closed","ping_status":"closed","template":"","meta":{"footnotes":""},"class_list":["post-245","page","type-page","status-publish","hentry"],"_links":{"self":[{"href":"https:\/\/mpobielsk.pl\/bip\/wp-json\/wp\/v2\/pages\/245","targetHints":{"allow":["GET"]}}],"collection":[{"href":"https:\/\/mpobielsk.pl\/bip\/wp-json\/wp\/v2\/pages"}],"about":[{"href":"https:\/\/mpobielsk.pl\/bip\/wp-json\/wp\/v2\/types\/page"}],"author":[{"embeddable":true,"href":"https:\/\/mpobielsk.pl\/bip\/wp-json\/wp\/v2\/users\/1"}],"replies":[{"embeddable":true,"href":"https:\/\/mpobielsk.pl\/bip\/wp-json\/wp\/v2\/comments?post=245"}],"version-history":[{"count":3,"href":"https:\/\/mpobielsk.pl\/bip\/wp-json\/wp\/v2\/pages\/245\/revisions"}],"predecessor-version":[{"id":249,"href":"https:\/\/mpobielsk.pl\/bip\/wp-json\/wp\/v2\/pages\/245\/revisions\/249"}],"wp:attachment":[{"href":"https:\/\/mpobielsk.pl\/bip\/wp-json\/wp\/v2\/media?parent=245"}],"curies":[{"name":"wp","href":"https:\/\/api.w.org\/{rel}","templated":true}]}}