{"id":227,"date":"2022-10-02T23:42:38","date_gmt":"2022-10-02T21:42:38","guid":{"rendered":"https:\/\/mpobielsk.pl\/bip\/?page_id=227"},"modified":"2024-10-20T19:09:40","modified_gmt":"2024-10-20T17:09:40","slug":"rekrutacja","status":"publish","type":"page","link":"https:\/\/mpobielsk.pl\/bip\/rekrutacja\/","title":{"rendered":"Rekrutacja"},"content":{"rendered":"\n<p><\/p>\n\n\n\n<p><a href=\"https:\/\/mpobielsk.pl\/bip\/wp-content\/uploads\/2022\/10\/1a.-Procedura-dopuszczania-nowej-osoby-do-pracy-1.docx\">Procedura dopuszczenia nowej osoby do pracy<\/a><\/p>\n\n\n\n<p><a href=\"https:\/\/mpobielsk.pl\/bip\/wp-content\/uploads\/2022\/10\/1b.-Obow.inf_.-rekrutacja-podmiot-prywatny-1.docx\">Obowi\u0105zek informacyjny \u2013 rekrutacja osoby maj\u0105cej podj\u0105\u0107 prac\u0119\/wsp\u00f3\u0142prac\u0119<\/a><\/p>\n\n\n\n<p><a href=\"https:\/\/mpobielsk.pl\/bip\/wp-content\/uploads\/2022\/10\/1f.-Obow.inf_.-pracownik-1.docx\">Obowi\u0105zek informacyjny \u2013 pracownik<\/a><\/p>\n\n\n\n<p><a href=\"https:\/\/mpobielsk.pl\/bip\/wp-content\/uploads\/2022\/10\/1g.-Obow.inf_.-umowy-cywilnoprawne-1.docx\">Obowi\u0105zek informacyjny \u2013 osoby zatrudnione na podstawie um\u00f3w cywilnoprawnych<\/a><\/p>\n\n\n\n<p><a href=\"https:\/\/mpobielsk.pl\/bip\/wp-content\/uploads\/2022\/10\/1h.-Obow.-inf.-stazysci-i-praktykanci-1.docx\">Obowi\u0105zek informacyjny \u2013 sta\u017cy\u015bci i praktykanci<\/a><\/p>\n\n\n\n<p><a href=\"https:\/\/mpobielsk.pl\/bip\/wp-content\/uploads\/2022\/10\/1i.-Obow.inf_.-ZFSS-1.docx\">Obowi\u0105zek informacyjny w stosunku do os\u00f3b korzystaj\u0105cych z ZFSS<\/a><\/p>\n","protected":false},"excerpt":{"rendered":"<p>Procedura dopuszczenia nowej osoby do pracy Obowi\u0105zek informacyjny \u2013 rekrutacja osoby maj\u0105cej podj\u0105\u0107 prac\u0119\/wsp\u00f3\u0142prac\u0119 Obowi\u0105zek informacyjny \u2013 pracownik Obowi\u0105zek informacyjny \u2013 osoby zatrudnione na podstawie um\u00f3w cywilnoprawnych Obowi\u0105zek informacyjny \u2013 sta\u017cy\u015bci i praktykanci Obowi\u0105zek informacyjny w stosunku do os\u00f3b korzystaj\u0105cych z ZFSS<\/p>\n","protected":false},"author":1,"featured_media":0,"parent":0,"menu_order":9,"comment_status":"closed","ping_status":"closed","template":"","meta":{"footnotes":""},"class_list":["post-227","page","type-page","status-publish","hentry"],"_links":{"self":[{"href":"https:\/\/mpobielsk.pl\/bip\/wp-json\/wp\/v2\/pages\/227","targetHints":{"allow":["GET"]}}],"collection":[{"href":"https:\/\/mpobielsk.pl\/bip\/wp-json\/wp\/v2\/pages"}],"about":[{"href":"https:\/\/mpobielsk.pl\/bip\/wp-json\/wp\/v2\/types\/page"}],"author":[{"embeddable":true,"href":"https:\/\/mpobielsk.pl\/bip\/wp-json\/wp\/v2\/users\/1"}],"replies":[{"embeddable":true,"href":"https:\/\/mpobielsk.pl\/bip\/wp-json\/wp\/v2\/comments?post=227"}],"version-history":[{"count":2,"href":"https:\/\/mpobielsk.pl\/bip\/wp-json\/wp\/v2\/pages\/227\/revisions"}],"predecessor-version":[{"id":231,"href":"https:\/\/mpobielsk.pl\/bip\/wp-json\/wp\/v2\/pages\/227\/revisions\/231"}],"wp:attachment":[{"href":"https:\/\/mpobielsk.pl\/bip\/wp-json\/wp\/v2\/media?parent=227"}],"curies":[{"name":"wp","href":"https:\/\/api.w.org\/{rel}","templated":true}]}}