{"id":203,"date":"2022-09-13T20:02:28","date_gmt":"2022-09-13T18:02:28","guid":{"rendered":"https:\/\/mpobielsk.pl\/bip\/?page_id=203"},"modified":"2025-07-29T12:34:55","modified_gmt":"2025-07-29T10:34:55","slug":"deklaracja-dostepnosci","status":"publish","type":"page","link":"https:\/\/mpobielsk.pl\/bip\/deklaracja-dostepnosci\/","title":{"rendered":"Deklaracja dost\u0119pno\u015bci"},"content":{"rendered":"<p><a href=\"https:\/\/mpobielsk.pl\/wp-content\/uploads\/2025\/07\/Raport-o-stanie-zapewnienia-dostepnosci-podmiotu-publicznego.pdf\">Raport o stanie zapewnienia dost\u0119pnosci podmiotu publicznego<\/a><\/p>\n\n<p><a href=\"https:\/\/mpobielsk.pl\/wp-content\/uploads\/2025\/07\/OI-zapewnienie-dostepnosci-architektonicznej-MPO.pdf\">OI zapewnienie dost\u0119pno\u015bci architektonicznej MPO<\/a><\/p>\n\n\n<p><\/p>\n","protected":false},"excerpt":{"rendered":"<p>Raport o stanie zapewnienia dost\u0119pnosci podmiotu publicznego OI zapewnienie dost\u0119pno\u015bci architektonicznej MPO<\/p>\n","protected":false},"author":1,"featured_media":0,"parent":0,"menu_order":7,"comment_status":"closed","ping_status":"closed","template":"","meta":{"footnotes":""},"class_list":["post-203","page","type-page","status-publish","hentry"],"_links":{"self":[{"href":"https:\/\/mpobielsk.pl\/bip\/wp-json\/wp\/v2\/pages\/203","targetHints":{"allow":["GET"]}}],"collection":[{"href":"https:\/\/mpobielsk.pl\/bip\/wp-json\/wp\/v2\/pages"}],"about":[{"href":"https:\/\/mpobielsk.pl\/bip\/wp-json\/wp\/v2\/types\/page"}],"author":[{"embeddable":true,"href":"https:\/\/mpobielsk.pl\/bip\/wp-json\/wp\/v2\/users\/1"}],"replies":[{"embeddable":true,"href":"https:\/\/mpobielsk.pl\/bip\/wp-json\/wp\/v2\/comments?post=203"}],"version-history":[{"count":4,"href":"https:\/\/mpobielsk.pl\/bip\/wp-json\/wp\/v2\/pages\/203\/revisions"}],"predecessor-version":[{"id":288,"href":"https:\/\/mpobielsk.pl\/bip\/wp-json\/wp\/v2\/pages\/203\/revisions\/288"}],"wp:attachment":[{"href":"https:\/\/mpobielsk.pl\/bip\/wp-json\/wp\/v2\/media?parent=203"}],"curies":[{"name":"wp","href":"https:\/\/api.w.org\/{rel}","templated":true}]}}