{"id":2,"date":"2020-06-19T00:40:06","date_gmt":"2020-06-18T22:40:06","guid":{"rendered":"https:\/\/mpobielsk.pl\/bip\/?page_id=2"},"modified":"2024-10-19T13:09:49","modified_gmt":"2024-10-19T11:09:49","slug":"przedmiot-dzialalnosci","status":"publish","type":"page","link":"https:\/\/mpobielsk.pl\/bip\/przedmiot-dzialalnosci\/","title":{"rendered":"Przedmiot dzia\u0142alno\u015bci"},"content":{"rendered":"<div class=\"brz-root__container brz-reset-all\"><\/div>\n<p><!-- version:1669191537 --><\/p>\n\n\n<p>MPO Bielsk Podlaski jest przedsi\u0119biorstwem \u0142\u0105cz\u0105cym tradycj\u0119 z nowoczesno\u015bci\u0105. Posiadamy do\u015bwiadczenie i wieloletni\u0105 praktyk\u0119 nad utrzymaniem czysto\u015bci, odbiorem odpad\u00f3w i ich zagospodarowaniem. Wykwalifikowana kadra pracownicza, innowacyjno\u015b\u0107 w gospodarce odpadami, stosowanie nowoczesnych technologii, du\u017cy potencja\u0142 techniczny oraz styl zarz\u0105dzania gwarantuj\u0105 wysok\u0105 jako\u015b\u0107 us\u0142ug \u015bwiadczonych przez sp\u00f3\u0142k\u0119.<\/p>\n","protected":false},"excerpt":{"rendered":"<p>MPO Bielsk Podlaski jest przedsi\u0119biorstwem \u0142\u0105cz\u0105cym tradycj\u0119 z nowoczesno\u015bci\u0105. Posiadamy do\u015bwiadczenie i wieloletni\u0105 praktyk\u0119 nad utrzymaniem czysto\u015bci, odbiorem odpad\u00f3w i ich zagospodarowaniem. Wykwalifikowana kadra pracownicza, innowacyjno\u015b\u0107 w gospodarce odpadami, stosowanie nowoczesnych technologii, du\u017cy potencja\u0142 techniczny oraz styl zarz\u0105dzania gwarantuj\u0105 wysok\u0105 jako\u015b\u0107 us\u0142ug \u015bwiadczonych przez sp\u00f3\u0142k\u0119.<\/p>\n","protected":false},"author":1,"featured_media":0,"parent":0,"menu_order":0,"comment_status":"closed","ping_status":"open","template":"brizy-blank-template.php","meta":{"footnotes":""},"class_list":["post-2","page","type-page","status-publish","hentry"],"_links":{"self":[{"href":"https:\/\/mpobielsk.pl\/bip\/wp-json\/wp\/v2\/pages\/2","targetHints":{"allow":["GET"]}}],"collection":[{"href":"https:\/\/mpobielsk.pl\/bip\/wp-json\/wp\/v2\/pages"}],"about":[{"href":"https:\/\/mpobielsk.pl\/bip\/wp-json\/wp\/v2\/types\/page"}],"author":[{"embeddable":true,"href":"https:\/\/mpobielsk.pl\/bip\/wp-json\/wp\/v2\/users\/1"}],"replies":[{"embeddable":true,"href":"https:\/\/mpobielsk.pl\/bip\/wp-json\/wp\/v2\/comments?post=2"}],"version-history":[{"count":5,"href":"https:\/\/mpobielsk.pl\/bip\/wp-json\/wp\/v2\/pages\/2\/revisions"}],"predecessor-version":[{"id":239,"href":"https:\/\/mpobielsk.pl\/bip\/wp-json\/wp\/v2\/pages\/2\/revisions\/239"}],"wp:attachment":[{"href":"https:\/\/mpobielsk.pl\/bip\/wp-json\/wp\/v2\/media?parent=2"}],"curies":[{"name":"wp","href":"https:\/\/api.w.org\/{rel}","templated":true}]}}