{"id":16,"date":"2020-06-24T22:18:03","date_gmt":"2020-06-24T20:18:03","guid":{"rendered":"https:\/\/mpobielsk.pl\/bip\/?page_id=16"},"modified":"2022-09-06T22:56:41","modified_gmt":"2022-09-06T20:56:41","slug":"instrukcja-korzystania-z-bip","status":"publish","type":"page","link":"https:\/\/mpobielsk.pl\/bip\/instrukcja-korzystania-z-bip\/","title":{"rendered":"Instrukcja korzystania z BIP"},"content":{"rendered":"<p>Po lewej stronie ekranu znajduje si\u0119 menu z wykazem grup tematycznych, w kt\u00f3rych s\u0105 zestawione informacje publiczne udost\u0119pnione w BIP MPO Bielsk Podlaski. Po klikni\u0119ciu na wybrany link zostan\u0105 Pa\u0144stwo przekierowani na stron\u0119 z tre\u015bci\u0105 rozdzia\u0142u.<\/p>\n","protected":false},"excerpt":{"rendered":"<p>Po lewej stronie ekranu znajduje si\u0119 menu z wykazem grup tematycznych, w kt\u00f3rych s\u0105 zestawione informacje publiczne udost\u0119pnione w BIP MPO Bielsk Podlaski. Po klikni\u0119ciu na wybrany link zostan\u0105 Pa\u0144stwo przekierowani na stron\u0119 z tre\u015bci\u0105 rozdzia\u0142u.<\/p>\n","protected":false},"author":1,"featured_media":0,"parent":0,"menu_order":3,"comment_status":"closed","ping_status":"closed","template":"","meta":{"footnotes":""},"class_list":["post-16","page","type-page","status-publish","hentry"],"_links":{"self":[{"href":"https:\/\/mpobielsk.pl\/bip\/wp-json\/wp\/v2\/pages\/16","targetHints":{"allow":["GET"]}}],"collection":[{"href":"https:\/\/mpobielsk.pl\/bip\/wp-json\/wp\/v2\/pages"}],"about":[{"href":"https:\/\/mpobielsk.pl\/bip\/wp-json\/wp\/v2\/types\/page"}],"author":[{"embeddable":true,"href":"https:\/\/mpobielsk.pl\/bip\/wp-json\/wp\/v2\/users\/1"}],"replies":[{"embeddable":true,"href":"https:\/\/mpobielsk.pl\/bip\/wp-json\/wp\/v2\/comments?post=16"}],"version-history":[{"count":4,"href":"https:\/\/mpobielsk.pl\/bip\/wp-json\/wp\/v2\/pages\/16\/revisions"}],"predecessor-version":[{"id":201,"href":"https:\/\/mpobielsk.pl\/bip\/wp-json\/wp\/v2\/pages\/16\/revisions\/201"}],"wp:attachment":[{"href":"https:\/\/mpobielsk.pl\/bip\/wp-json\/wp\/v2\/media?parent=16"}],"curies":[{"name":"wp","href":"https:\/\/api.w.org\/{rel}","templated":true}]}}