{"id":101,"date":"2022-06-24T16:38:42","date_gmt":"2022-06-24T14:38:42","guid":{"rendered":"https:\/\/mpobielsk.pl\/bip\/?page_id=101"},"modified":"2024-10-20T19:09:36","modified_gmt":"2024-10-20T17:09:36","slug":"obowiazek-informacyjny-umowa-reprezentacja","status":"publish","type":"page","link":"https:\/\/mpobielsk.pl\/bip\/obowiazek-informacyjny-umowa-reprezentacja\/","title":{"rendered":"Obowi\u0105zek informacyjny \u2013 umowa, reprezentacja"},"content":{"rendered":"<p>Obowi\u0105zek informacyjny \u2013 skierowany do os\u00f3b fizycznych reprezentuj\u0105cych podmioty, z kt\u00f3rymi Administrator zawiera umowy<\/p>\n<p>Dzia\u0142aj\u0105c na podstawie art. 14 Rozporz\u0105dzenia Parlamentu Europejskiego i Rady (UE) 2016\/679 z dnia 27 kwietnia 2016 r. w sprawie ochrony os\u00f3b fizycznych w zwi\u0105zku z przetwarzaniem danych\u00a0 osobowych i w sprawie swobodnego przep\u0142ywu takich danych oraz uchylenia dyrektywy 95\/46\/WE (og\u00f3lne rozporz\u0105dzenie o ochronie danych \u2013 dalej \u201eRODO\u201d, Administrator przedstawia obowi\u0105zek informacyjny wzgl\u0119dem os\u00f3b reprezentuj\u0105cych podmiot, z kt\u00f3rym zawiera umow\u0119, jego pe\u0142nomocnik\u00f3w, itp., a tak\u017ce pracownik\u00f3w, kt\u00f3rzy s\u0105 osobami kontaktowymi.<\/p>\n<p>Maj\u0105c na uwadze powy\u017csze uprzejmie informuj\u0119, \u017ce:<\/p>\n<ol>\n<li>Administratorem danych osobowych os\u00f3b reprezentuj\u0105cych Pa\u0144stwa Podmiot oraz os\u00f3b wskazanych przez Pa\u0144stwa, jako osoby do kontaktu i reprezentacji jest <strong>Miejskie Przedsi\u0119biorstwo Oczyszczania Sp. z o.o.<\/strong> z siedzib\u0105: w Bielsku Podlaskim, ul. Studziwodzka 37, 17-100 Bielsk Podlaski, NIP: 5432187976.<\/li>\n<li>Dane kontaktowe Inspektora ochrony danych osobowych: iod.r.andrzejewski@szkoleniaprawnicze.com.pl lub pisemnie na adres Administratora danych.<\/li>\n<li>Dane osobowe:\n<ol>\n<li>os\u00f3b reprezentuj\u0105cych Pa\u0144stwa Podmiot, b\u0119d\u0105 przetwarzane na podstawie obowi\u0105zku prawnego, o kt\u00f3rym mowa w art. 6 ust. 1 lit. c rozporz\u0105dzenia Parlamentu Europejskiego i Rady (UE) 2016\/679 z dnia 27 kwietnia 2016 r. w sprawie ochrony os\u00f3b fizycznych w zwi\u0105zku<br \/>\nz przetwarzaniem danych osobowych i w sprawie swobodnego przep\u0142ywu takich danych oraz uchylenia dyrektywy 95\/46\/WE (RODO), wynikaj\u0105cego z przepis\u00f3w prawa okre\u015blaj\u0105cych umocowanie do reprezentowania \u2013 w zakresie wa\u017cno\u015bci um\u00f3w i w\u0142a\u015bciwej reprezentacji stron. Podane tych danych jest warunkiem zawarcia umowy lub wa\u017cno\u015bci podejmowanych czynno\u015bci.<\/li>\n<li>os\u00f3b wskazanych przez Pa\u0144stwa Podmiot, jako osoby do kontaktu\/realizacji umowy (imi\u0119 i nazwisko, s\u0142u\u017cbowe dane kontaktowe, miejsce pracy) b\u0119d\u0105 przetwarzane w prawnie uzasadnionym interesie, o kt\u00f3rym mowa w art. 6 ust. 1 lit. f RODO, w celu nale\u017cytej realizacji niniejszej umowy\/przebiegu post\u0119powania art. 6 ust. 1 lit. b RODO. Dane zosta\u0142y podane przez Pa\u0144stwa Podmiot w ramach zawieranej umowy\/prowadzonego post\u0119powania.<\/li>\n<\/ol>\n<\/li>\n<li>Dane osobowe Administrator danych pozyska\u0142 od Podmiotu, kt\u00f3ry wskaza\u0142 Pana\/Pani\u0105 jako osob\u0119 upowa\u017cnion\u0105 do reprezentowania.<\/li>\n<li>Pa\u0144stwa dane osobowe b\u0119d\u0105 przechowywane do czasu zako\u0144czenia realizacji umowy lub ewentualnie do czasu jej rozwi\u0105zania. Po tym okresie dane b\u0119d\u0105 przechowywane nie d\u0142u\u017cej ni\u017c to wynika z przepis\u00f3w ustawy z dnia 14 lipca 1983 r. o narodowym zasobie archiwalnym i<br \/>\narchiwach.<\/li>\n<li>W celu i w zakresie niezb\u0119dnym do zrealizowania umowy odbiorc\u0105 Pani\/Pana danych osobowych b\u0119d\u0105 firmy wsp\u00f3\u0142pracuj\u0105ce z Administratorem danych w zakresie us\u0142ug IT, kancelarie prawne \u015bwiadcz\u0105ce us\u0142ugi prawne na rzecz Administratora, podmioty \u015bwiadcz\u0105ce dla Administratora us\u0142ugi audytorskie, firmy kurierskie lub transportowe oraz podmioty ubezpieczaj\u0105ce wierzytelno\u015bci pieni\u0119\u017cne \u2013 wsp\u00f3\u0142pracuj\u0105ce z Administratorem.<\/li>\n<li>W granicach i na zasadach opisanych w przepisach prawa przys\u0142uguje Pa\u0144stwu prawo \u017c\u0105dania: dost\u0119pu do swoich danych osobowych, ich sprostowania, usuni\u0119cia oraz ograniczenia przetwarzania, jak r\u00f3wnie\u017c prawo wniesienia skargi do Prezesa Urz\u0119du Ochrony Danych Osobowych, na adres: ul. Stawki 2, 00-193 Warszawa.<\/li>\n<li>Ponadto osobom wskazanym przez Pa\u0144stwa Podmiot, jako osoby do kontaktu, przys\u0142uguje r\u00f3wnie\u017c prawo wniesienia sprzeciwu wobec przetwarzania danych, wynikaj\u0105cego ze szczeg\u00f3lnej sytuacji.<\/li>\n<li>Pa\u0144stwa Podmiot jest zobowi\u0105zany do przekazania powy\u017cszych informacji wszystkim osobom fizycznym wymienionym w ust. 3.<\/li>\n<\/ol>\n","protected":false},"excerpt":{"rendered":"<p>Obowi\u0105zek informacyjny \u2013 skierowany do os\u00f3b fizycznych reprezentuj\u0105cych podmioty, z kt\u00f3rymi Administrator zawiera umowy Dzia\u0142aj\u0105c na podstawie art. 14 Rozporz\u0105dzenia Parlamentu Europejskiego i Rady (UE) 2016\/679 z dnia 27 kwietnia 2016 r. w sprawie ochrony os\u00f3b fizycznych w zwi\u0105zku z przetwarzaniem danych\u00a0 osobowych i w sprawie swobodnego przep\u0142ywu takich danych oraz uchylenia dyrektywy 95\/46\/WE (og\u00f3lne &hellip; <a href=\"https:\/\/mpobielsk.pl\/bip\/obowiazek-informacyjny-umowa-reprezentacja\/\" class=\"more-link\">Czytaj dalej <span class=\"screen-reader-text\">Obowi\u0105zek informacyjny \u2013 umowa, reprezentacja<\/span><\/a><\/p>\n","protected":false},"author":1,"featured_media":0,"parent":0,"menu_order":4,"comment_status":"closed","ping_status":"closed","template":"","meta":{"footnotes":""},"class_list":["post-101","page","type-page","status-publish","hentry"],"_links":{"self":[{"href":"https:\/\/mpobielsk.pl\/bip\/wp-json\/wp\/v2\/pages\/101","targetHints":{"allow":["GET"]}}],"collection":[{"href":"https:\/\/mpobielsk.pl\/bip\/wp-json\/wp\/v2\/pages"}],"about":[{"href":"https:\/\/mpobielsk.pl\/bip\/wp-json\/wp\/v2\/types\/page"}],"author":[{"embeddable":true,"href":"https:\/\/mpobielsk.pl\/bip\/wp-json\/wp\/v2\/users\/1"}],"replies":[{"embeddable":true,"href":"https:\/\/mpobielsk.pl\/bip\/wp-json\/wp\/v2\/comments?post=101"}],"version-history":[{"count":3,"href":"https:\/\/mpobielsk.pl\/bip\/wp-json\/wp\/v2\/pages\/101\/revisions"}],"predecessor-version":[{"id":112,"href":"https:\/\/mpobielsk.pl\/bip\/wp-json\/wp\/v2\/pages\/101\/revisions\/112"}],"wp:attachment":[{"href":"https:\/\/mpobielsk.pl\/bip\/wp-json\/wp\/v2\/media?parent=101"}],"curies":[{"name":"wp","href":"https:\/\/api.w.org\/{rel}","templated":true}]}}